{"id":686,"date":"2024-02-15T10:05:45","date_gmt":"2024-02-15T10:05:45","guid":{"rendered":"https:\/\/amperformance.ma\/?page_id=686"},"modified":"2024-05-26T00:45:52","modified_gmt":"2024-05-26T00:45:52","slug":"sejour-linguistiques-2","status":"publish","type":"page","link":"https:\/\/amperformance.ma\/index.php\/sejour-linguistiques-2\/","title":{"rendered":"S\u00e9jour Linguistiques"},"content":{"rendered":"\t\t<div data-elementor-type=\"wp-page\" data-elementor-id=\"686\" class=\"elementor elementor-686\" data-elementor-post-type=\"page\">\n\t\t\t\t\t\t<section class=\"elementor-section elementor-top-section elementor-element elementor-element-d92433f elementor-section-height-min-height elementor-section-content-middle elementor-section-boxed elementor-section-height-default elementor-section-items-middle elementor-invisible\" data-id=\"d92433f\" data-element_type=\"section\" data-e-type=\"section\" data-settings=\"{&quot;background_background&quot;:&quot;classic&quot;,&quot;animation&quot;:&quot;fadeInDown&quot;}\">\n\t\t\t\t\t\t\t<div class=\"elementor-background-overlay\"><\/div>\n\t\t\t\t\t\t\t<div class=\"elementor-container elementor-column-gap-no\">\n\t\t\t\t\t<div class=\"elementor-column elementor-col-100 elementor-top-column elementor-element elementor-element-ce13471\" data-id=\"ce13471\" data-element_type=\"column\" data-e-type=\"column\" data-settings=\"{&quot;background_background&quot;:&quot;classic&quot;}\">\n\t\t\t<div class=\"elementor-widget-wrap elementor-element-populated\">\n\t\t\t\t\t\t<div class=\"elementor-element elementor-element-904fed0 elementor-widget elementor-widget-heading\" data-id=\"904fed0\" data-element_type=\"widget\" data-e-type=\"widget\" data-widget_type=\"heading.default\">\n\t\t\t\t<div class=\"elementor-widget-container\">\n\t\t\t\t\t<h1 class=\"elementor-heading-title elementor-size-default\">S\u00e9jours Linguistiques<\/h1>\t\t\t\t<\/div>\n\t\t\t\t<\/div>\n\t\t\t\t\t<\/div>\n\t\t<\/div>\n\t\t\t\t\t<\/div>\n\t\t<\/section>\n\t\t\t\t<section class=\"elementor-section elementor-top-section elementor-element elementor-element-68097bb elementor-section-boxed elementor-section-height-default elementor-section-height-default elementor-invisible\" data-id=\"68097bb\" data-element_type=\"section\" data-e-type=\"section\" data-settings=\"{&quot;animation&quot;:&quot;fadeInRight&quot;}\">\n\t\t\t\t\t\t\t<div class=\"elementor-background-overlay\"><\/div>\n\t\t\t\t\t\t\t<div class=\"elementor-container elementor-column-gap-no\">\n\t\t\t\t\t<div class=\"elementor-column elementor-col-50 elementor-top-column elementor-element elementor-element-293fdac\" data-id=\"293fdac\" data-element_type=\"column\" data-e-type=\"column\">\n\t\t\t<div class=\"elementor-widget-wrap elementor-element-populated\">\n\t\t\t\t\t\t<div class=\"elementor-element elementor-element-988e09b elementor-invisible elementor-widget elementor-widget-image\" data-id=\"988e09b\" data-element_type=\"widget\" data-e-type=\"widget\" data-settings=\"{&quot;_animation&quot;:&quot;fadeInDown&quot;}\" data-widget_type=\"image.default\">\n\t\t\t\t<div class=\"elementor-widget-container\">\n\t\t\t\t\t\t\t\t\t\t\t\t\t\t\t<img fetchpriority=\"high\" decoding=\"async\" width=\"340\" height=\"148\" src=\"https:\/\/amperformance.ma\/wp-content\/uploads\/2024\/02\/telecharger.jpg\" class=\"attachment-full size-full wp-image-689\" alt=\"\" srcset=\"https:\/\/amperformance.ma\/wp-content\/uploads\/2024\/02\/telecharger.jpg 340w, https:\/\/amperformance.ma\/wp-content\/uploads\/2024\/02\/telecharger-300x131.jpg 300w\" sizes=\"(max-width: 340px) 100vw, 340px\" \/>\t\t\t\t\t\t\t\t\t\t\t\t\t\t\t<\/div>\n\t\t\t\t<\/div>\n\t\t\t\t\t<\/div>\n\t\t<\/div>\n\t\t\t\t<div class=\"elementor-column elementor-col-50 elementor-top-column elementor-element elementor-element-f205fc8\" data-id=\"f205fc8\" data-element_type=\"column\" data-e-type=\"column\">\n\t\t\t<div class=\"elementor-widget-wrap elementor-element-populated\">\n\t\t\t\t\t\t<section class=\"elementor-section elementor-inner-section elementor-element elementor-element-803dd3d elementor-section-boxed elementor-section-height-default elementor-section-height-default\" data-id=\"803dd3d\" data-element_type=\"section\" data-e-type=\"section\">\n\t\t\t\t\t\t<div class=\"elementor-container elementor-column-gap-no\">\n\t\t\t\t\t<div class=\"elementor-column elementor-col-100 elementor-inner-column elementor-element elementor-element-f752d30\" data-id=\"f752d30\" data-element_type=\"column\" data-e-type=\"column\" data-settings=\"{&quot;background_background&quot;:&quot;classic&quot;}\">\n\t\t\t<div class=\"elementor-widget-wrap elementor-element-populated\">\n\t\t\t\t\t<div class=\"elementor-background-overlay\"><\/div>\n\t\t\t\t\t\t<div class=\"elementor-element elementor-element-2d4ca2b elementor-widget-divider--view-line elementor-widget elementor-widget-divider\" data-id=\"2d4ca2b\" data-element_type=\"widget\" data-e-type=\"widget\" data-widget_type=\"divider.default\">\n\t\t\t\t<div class=\"elementor-widget-container\">\n\t\t\t\t\t\t\t<div class=\"elementor-divider\">\n\t\t\t<span class=\"elementor-divider-separator\">\n\t\t\t\t\t\t<\/span>\n\t\t<\/div>\n\t\t\t\t\t\t<\/div>\n\t\t\t\t<\/div>\n\t\t\t\t<div class=\"elementor-element elementor-element-b7757ad elementor-widget elementor-widget-heading\" data-id=\"b7757ad\" data-element_type=\"widget\" data-e-type=\"widget\" data-widget_type=\"heading.default\">\n\t\t\t\t<div class=\"elementor-widget-container\">\n\t\t\t\t\t<h2 class=\"elementor-heading-title elementor-size-default\"><h5 class=\"elementor-icon-box-title\" style=\"margin-bottom: 10px;line-height: var( --e-global-typography-61eed76-line-height );font-family: var( --e-global-typography-61eed76-font-family ), Sans-serif;font-size: var( --e-global-typography-61eed76-font-size );font-style: normal;font-weight: var( --e-global-typography-61eed76-font-weight );letter-spacing: -0.6px;text-align: center\"><a href=\"https:\/\/amperformance.ma\/#\" style=\"font-size: 24px\">S\u00e9jours Linguistiques<\/a><\/h5><\/h2>\t\t\t\t<\/div>\n\t\t\t\t<\/div>\n\t\t\t\t\t<\/div>\n\t\t<\/div>\n\t\t\t\t\t<\/div>\n\t\t<\/section>\n\t\t\t\t<div class=\"elementor-element elementor-element-a841526 elementor-widget elementor-widget-text-editor\" data-id=\"a841526\" data-element_type=\"widget\" data-e-type=\"widget\" data-widget_type=\"text-editor.default\">\n\t\t\t\t<div class=\"elementor-widget-container\">\n\t\t\t\t\t\t\t\t\t<p>Plongez-vous dans une immersion linguistique enrichissante avec les s\u00e9jours linguistiques propos\u00e9s par AM. Que vous souhaitiez perfectionner une langue \u00e9trang\u00e8re, d\u00e9couvrir une nouvelle culture ou simplement acqu\u00e9rir de nouvelles comp\u00e9tences, nos programmes sont con\u00e7us pour r\u00e9pondre \u00e0 vos besoins sp\u00e9cifiques.<\/p><h4>Pourquoi Choisir un S\u00e9jour Linguistique ?<\/h4><p>Les s\u00e9jours linguistiques offrent de nombreux avantages, notamment :<\/p><ul><li><p><strong>Am\u00e9lioration des Comp\u00e9tences Linguistiques :<\/strong> Vivez et \u00e9tudiez dans un environnement o\u00f9 la langue \u00e9trang\u00e8re est parl\u00e9e au quotidien, ce qui vous permettra de progresser rapidement.<\/p><\/li><li><p><strong>Immersion Culturelle :<\/strong> Immergez-vous dans la culture locale en vivant avec des familles d&rsquo;accueil ou en participant \u00e0 des activit\u00e9s culturelles et touristiques organis\u00e9es.<\/p><\/li><li><p><strong>Exp\u00e9rience Inoubliable :<\/strong> Cr\u00e9ez des souvenirs durables en explorant de nouveaux endroits, en rencontrant des gens du monde entier et en \u00e9largissant vos horizons.<\/p><\/li><\/ul>\t\t\t\t\t\t\t\t<\/div>\n\t\t\t\t<\/div>\n\t\t\t\t\t<\/div>\n\t\t<\/div>\n\t\t\t\t\t<\/div>\n\t\t<\/section>\n\t\t\t\t<section class=\"elementor-section elementor-top-section elementor-element elementor-element-991cd9c elementor-section-boxed elementor-section-height-default elementor-section-height-default\" data-id=\"991cd9c\" data-element_type=\"section\" data-e-type=\"section\">\n\t\t\t\t\t\t\t<div class=\"elementor-background-overlay\"><\/div>\n\t\t\t\t\t\t\t<div class=\"elementor-container elementor-column-gap-no\">\n\t\t\t\t\t<div class=\"elementor-column elementor-col-100 elementor-top-column elementor-element elementor-element-aeb98dc\" data-id=\"aeb98dc\" data-element_type=\"column\" data-e-type=\"column\">\n\t\t\t<div class=\"elementor-widget-wrap elementor-element-populated\">\n\t\t\t\t\t\t<div class=\"elementor-element elementor-element-02f9c46 elementor-invisible elementor-widget elementor-widget-heading\" data-id=\"02f9c46\" data-element_type=\"widget\" data-e-type=\"widget\" data-settings=\"{&quot;_animation&quot;:&quot;fadeInDown&quot;}\" data-widget_type=\"heading.default\">\n\t\t\t\t<div class=\"elementor-widget-container\">\n\t\t\t\t\t<h5 class=\"elementor-heading-title elementor-size-default\">Nos Programmes <\/h5>\t\t\t\t<\/div>\n\t\t\t\t<\/div>\n\t\t\t\t<div class=\"elementor-element elementor-element-d2f252f elementor-invisible elementor-widget elementor-widget-text-editor\" data-id=\"d2f252f\" data-element_type=\"widget\" data-e-type=\"widget\" data-settings=\"{&quot;_animation&quot;:&quot;fadeInDown&quot;}\" data-widget_type=\"text-editor.default\">\n\t\t\t\t<div class=\"elementor-widget-container\">\n\t\t\t\t\t\t\t\t\t<p>AM propose une vari\u00e9t\u00e9 de programmes de s\u00e9jours linguistiques dans des destinations attrayantes \u00e0 travers le monde, y compris :<\/p><ul><li><p><strong>Cours de Langue G\u00e9n\u00e9rale :<\/strong> Am\u00e9liorez votre grammaire, votre vocabulaire et votre prononciation gr\u00e2ce \u00e0 des cours de langue g\u00e9n\u00e9rale adapt\u00e9s \u00e0 votre niveau.<\/p><\/li><li><p><strong>Cours de Pr\u00e9paration aux Examens :<\/strong> Pr\u00e9parez-vous aux examens de langue officiels tels que le TOEFL, le TOEIC, le IELTS, etc., avec des programmes de pr\u00e9paration sp\u00e9cifiques.<\/p><\/li><li><p><strong>Cours de Langue et Culture :<\/strong> Combine l&rsquo;apprentissage de la langue avec des activit\u00e9s culturelles, des excursions et des \u00e9v\u00e9nements sociaux pour une exp\u00e9rience enrichissante.<\/p><\/li><\/ul>\t\t\t\t\t\t\t\t<\/div>\n\t\t\t\t<\/div>\n\t\t\t\t\t<\/div>\n\t\t<\/div>\n\t\t\t\t\t<\/div>\n\t\t<\/section>\n\t\t<div class=\"elementor-element elementor-element-63224ad8 e-flex e-con-boxed e-con e-parent\" data-id=\"63224ad8\" data-element_type=\"container\" data-e-type=\"container\">\n\t\t\t\t\t<div class=\"e-con-inner\">\n\t\t\t\t<div class=\"elementor-element elementor-element-44079e85 elementor-invisible elementor-widget elementor-widget-text-editor\" data-id=\"44079e85\" data-element_type=\"widget\" data-e-type=\"widget\" data-settings=\"{&quot;_animation&quot;:&quot;fadeInDown&quot;}\" data-widget_type=\"text-editor.default\">\n\t\t\t\t<div class=\"elementor-widget-container\">\n\t\t\t\t\t\t\t\t\t<h4>Pourquoi Nous Choisir<\/h4><ul><li><p><strong>Qualit\u00e9 P\u00e9dagogique :<\/strong> Nos programmes sont dispens\u00e9s par des enseignants qualifi\u00e9s et exp\u00e9riment\u00e9s, garantissant une \u00e9ducation de qualit\u00e9.<\/p><\/li><li><p><strong>Vari\u00e9t\u00e9 de Destinations :<\/strong> Choisissez parmi une gamme de destinations attrayantes \u00e0 travers le monde pour trouver celle qui correspond le mieux \u00e0 vos int\u00e9r\u00eats et \u00e0 vos objectifs.<\/p><\/li><li><p><strong>Support Personnalis\u00e9 :<\/strong> Notre \u00e9quipe d\u00e9vou\u00e9e est l\u00e0 pour vous accompagner \u00e0 chaque \u00e9tape de votre s\u00e9jour linguistique, depuis la planification initiale jusqu&rsquo;\u00e0 votre retour chez vous.<\/p><\/li><\/ul><h4>Contactez-Nous<\/h4><p>Pr\u00eat \u00e0 commencer votre aventure linguistique ? Contactez-nous d\u00e8s aujourd&rsquo;hui pour en savoir plus sur nos programmes de s\u00e9jours linguistiques et commencez \u00e0 planifier votre exp\u00e9rience inoubliable d\u00e8s maintenant<\/p>\t\t\t\t\t\t\t\t<\/div>\n\t\t\t\t<\/div>\n\t\t\t\t\t<\/div>\n\t\t\t\t<\/div>\n\t\t\t\t<\/div>\n\t\t","protected":false},"excerpt":{"rendered":"<p>S\u00e9jours Linguistiques S\u00e9jours Linguistiques Plongez-vous dans une immersion linguistique enrichissante avec les s\u00e9jours linguistiques propos\u00e9s par AM. Que vous souhaitiez perfectionner une langue \u00e9trang\u00e8re, d\u00e9couvrir une nouvelle culture ou simplement acqu\u00e9rir de nouvelles comp\u00e9tences, nos programmes sont con\u00e7us pour r\u00e9pondre \u00e0 vos besoins sp\u00e9cifiques. Pourquoi Choisir un S\u00e9jour Linguistique ? Les s\u00e9jours linguistiques offrent de [&hellip;]<\/p>\n","protected":false},"author":1,"featured_media":0,"parent":0,"menu_order":0,"comment_status":"closed","ping_status":"closed","template":"","meta":{"_monsterinsights_skip_tracking":false,"_monsterinsights_sitenote_active":false,"_monsterinsights_sitenote_note":"","_monsterinsights_sitenote_category":0,"ocean_post_layout":"full-screen","ocean_both_sidebars_style":"","ocean_both_sidebars_content_width":0,"ocean_both_sidebars_sidebars_width":0,"ocean_sidebar":"","ocean_second_sidebar":"","ocean_disable_margins":"enable","ocean_add_body_class":"","ocean_shortcode_before_top_bar":"","ocean_shortcode_after_top_bar":"","ocean_shortcode_before_header":"","ocean_shortcode_after_header":"","ocean_has_shortcode":"","ocean_shortcode_after_title":"","ocean_shortcode_before_footer_widgets":"","ocean_shortcode_after_footer_widgets":"","ocean_shortcode_before_footer_bottom":"","ocean_shortcode_after_footer_bottom":"","ocean_display_top_bar":"default","ocean_display_header":"default","ocean_header_style":"","ocean_center_header_left_menu":"","ocean_custom_header_template":"","ocean_custom_logo":0,"ocean_custom_retina_logo":0,"ocean_custom_logo_max_width":0,"ocean_custom_logo_tablet_max_width":0,"ocean_custom_logo_mobile_max_width":0,"ocean_custom_logo_max_height":0,"ocean_custom_logo_tablet_max_height":0,"ocean_custom_logo_mobile_max_height":0,"ocean_header_custom_menu":"","ocean_menu_typo_font_family":"","ocean_menu_typo_font_subset":"","ocean_menu_typo_font_size":0,"ocean_menu_typo_font_size_tablet":0,"ocean_menu_typo_font_size_mobile":0,"ocean_menu_typo_font_size_unit":"px","ocean_menu_typo_font_weight":"","ocean_menu_typo_font_weight_tablet":"","ocean_menu_typo_font_weight_mobile":"","ocean_menu_typo_transform":"","ocean_menu_typo_transform_tablet":"","ocean_menu_typo_transform_mobile":"","ocean_menu_typo_line_height":0,"ocean_menu_typo_line_height_tablet":0,"ocean_menu_typo_line_height_mobile":0,"ocean_menu_typo_line_height_unit":"","ocean_menu_typo_spacing":0,"ocean_menu_typo_spacing_tablet":0,"ocean_menu_typo_spacing_mobile":0,"ocean_menu_typo_spacing_unit":"","ocean_menu_link_color":"","ocean_menu_link_color_hover":"","ocean_menu_link_color_active":"","ocean_menu_link_background":"","ocean_menu_link_hover_background":"","ocean_menu_link_active_background":"","ocean_menu_social_links_bg":"","ocean_menu_social_hover_links_bg":"","ocean_menu_social_links_color":"","ocean_menu_social_hover_links_color":"","ocean_disable_title":"on","ocean_disable_heading":"default","ocean_post_title":"","ocean_post_subheading":"","ocean_post_title_style":"","ocean_post_title_background_color":"","ocean_post_title_background":0,"ocean_post_title_bg_image_position":"","ocean_post_title_bg_image_attachment":"","ocean_post_title_bg_image_repeat":"","ocean_post_title_bg_image_size":"","ocean_post_title_height":0,"ocean_post_title_bg_overlay":0.5,"ocean_post_title_bg_overlay_color":"","ocean_disable_breadcrumbs":"default","ocean_breadcrumbs_color":"","ocean_breadcrumbs_separator_color":"","ocean_breadcrumbs_links_color":"","ocean_breadcrumbs_links_hover_color":"","ocean_display_footer_widgets":"default","ocean_display_footer_bottom":"default","ocean_custom_footer_template":"","footnotes":""},"class_list":["post-686","page","type-page","status-publish","hentry","entry","owp-thumbs-layout-horizontal","owp-btn-normal","owp-tabs-layout-horizontal","has-no-thumbnails","has-product-nav"],"jetpack_sharing_enabled":true,"_links":{"self":[{"href":"https:\/\/amperformance.ma\/index.php\/wp-json\/wp\/v2\/pages\/686","targetHints":{"allow":["GET"]}}],"collection":[{"href":"https:\/\/amperformance.ma\/index.php\/wp-json\/wp\/v2\/pages"}],"about":[{"href":"https:\/\/amperformance.ma\/index.php\/wp-json\/wp\/v2\/types\/page"}],"author":[{"embeddable":true,"href":"https:\/\/amperformance.ma\/index.php\/wp-json\/wp\/v2\/users\/1"}],"replies":[{"embeddable":true,"href":"https:\/\/amperformance.ma\/index.php\/wp-json\/wp\/v2\/comments?post=686"}],"version-history":[{"count":16,"href":"https:\/\/amperformance.ma\/index.php\/wp-json\/wp\/v2\/pages\/686\/revisions"}],"predecessor-version":[{"id":1688,"href":"https:\/\/amperformance.ma\/index.php\/wp-json\/wp\/v2\/pages\/686\/revisions\/1688"}],"wp:attachment":[{"href":"https:\/\/amperformance.ma\/index.php\/wp-json\/wp\/v2\/media?parent=686"}],"curies":[{"name":"wp","href":"https:\/\/api.w.org\/{rel}","templated":true}]}}