{"id":636,"date":"2024-02-15T08:47:10","date_gmt":"2024-02-15T08:47:10","guid":{"rendered":"https:\/\/amperformance.ma\/?page_id=636"},"modified":"2024-05-26T00:33:24","modified_gmt":"2024-05-26T00:33:24","slug":"conseil-et-orientation","status":"publish","type":"page","link":"https:\/\/amperformance.ma\/index.php\/conseil-et-orientation\/","title":{"rendered":"Conseil et Orientation"},"content":{"rendered":"\t\t<div data-elementor-type=\"wp-page\" data-elementor-id=\"636\" class=\"elementor elementor-636\" data-elementor-post-type=\"page\">\n\t\t\t\t\t\t<section class=\"elementor-section elementor-top-section elementor-element elementor-element-52621417 elementor-section-height-min-height elementor-section-content-middle elementor-section-boxed elementor-section-height-default elementor-section-items-middle elementor-invisible\" data-id=\"52621417\" data-element_type=\"section\" data-e-type=\"section\" data-settings=\"{&quot;background_background&quot;:&quot;classic&quot;,&quot;animation&quot;:&quot;fadeInDown&quot;}\">\n\t\t\t\t\t\t\t<div class=\"elementor-background-overlay\"><\/div>\n\t\t\t\t\t\t\t<div class=\"elementor-container elementor-column-gap-no\">\n\t\t\t\t\t<div class=\"elementor-column elementor-col-100 elementor-top-column elementor-element elementor-element-5470f507\" data-id=\"5470f507\" data-element_type=\"column\" data-e-type=\"column\" data-settings=\"{&quot;background_background&quot;:&quot;classic&quot;}\">\n\t\t\t<div class=\"elementor-widget-wrap elementor-element-populated\">\n\t\t\t\t\t\t<div class=\"elementor-element elementor-element-2070f324 elementor-widget elementor-widget-heading\" data-id=\"2070f324\" data-element_type=\"widget\" data-e-type=\"widget\" data-widget_type=\"heading.default\">\n\t\t\t\t<div class=\"elementor-widget-container\">\n\t\t\t\t\t<h1 class=\"elementor-heading-title elementor-size-default\">Conseil et Orientation<\/h1>\t\t\t\t<\/div>\n\t\t\t\t<\/div>\n\t\t\t\t\t<\/div>\n\t\t<\/div>\n\t\t\t\t\t<\/div>\n\t\t<\/section>\n\t\t\t\t<section class=\"elementor-section elementor-top-section elementor-element elementor-element-39ca1a4b elementor-section-boxed elementor-section-height-default elementor-section-height-default elementor-invisible\" data-id=\"39ca1a4b\" data-element_type=\"section\" data-e-type=\"section\" data-settings=\"{&quot;animation&quot;:&quot;fadeInRight&quot;}\">\n\t\t\t\t\t\t\t<div class=\"elementor-background-overlay\"><\/div>\n\t\t\t\t\t\t\t<div class=\"elementor-container elementor-column-gap-no\">\n\t\t\t\t\t<div class=\"elementor-column elementor-col-50 elementor-top-column elementor-element elementor-element-437a6e20\" data-id=\"437a6e20\" data-element_type=\"column\" data-e-type=\"column\">\n\t\t\t<div class=\"elementor-widget-wrap elementor-element-populated\">\n\t\t\t\t\t\t<div class=\"elementor-element elementor-element-3f5a1fb3 elementor-invisible elementor-widget elementor-widget-image\" data-id=\"3f5a1fb3\" data-element_type=\"widget\" data-e-type=\"widget\" data-settings=\"{&quot;_animation&quot;:&quot;fadeInDown&quot;}\" data-widget_type=\"image.default\">\n\t\t\t\t<div class=\"elementor-widget-container\">\n\t\t\t\t\t\t\t\t\t\t\t\t\t\t\t<img fetchpriority=\"high\" decoding=\"async\" width=\"947\" height=\"708\" src=\"https:\/\/amperformance.ma\/wp-content\/uploads\/2024\/02\/img-home03-L9VVG4B.jpg\" class=\"attachment-full size-full wp-image-105\" alt=\"\" srcset=\"https:\/\/amperformance.ma\/wp-content\/uploads\/2024\/02\/img-home03-L9VVG4B.jpg 947w, https:\/\/amperformance.ma\/wp-content\/uploads\/2024\/02\/img-home03-L9VVG4B-600x449.jpg 600w, https:\/\/amperformance.ma\/wp-content\/uploads\/2024\/02\/img-home03-L9VVG4B-300x224.jpg 300w, https:\/\/amperformance.ma\/wp-content\/uploads\/2024\/02\/img-home03-L9VVG4B-768x574.jpg 768w\" sizes=\"(max-width: 947px) 100vw, 947px\" \/>\t\t\t\t\t\t\t\t\t\t\t\t\t\t\t<\/div>\n\t\t\t\t<\/div>\n\t\t\t\t\t<\/div>\n\t\t<\/div>\n\t\t\t\t<div class=\"elementor-column elementor-col-50 elementor-top-column elementor-element elementor-element-b68d696\" data-id=\"b68d696\" data-element_type=\"column\" data-e-type=\"column\">\n\t\t\t<div class=\"elementor-widget-wrap elementor-element-populated\">\n\t\t\t\t\t\t<section class=\"elementor-section elementor-inner-section elementor-element elementor-element-6bb3078 elementor-section-boxed elementor-section-height-default elementor-section-height-default\" data-id=\"6bb3078\" data-element_type=\"section\" data-e-type=\"section\">\n\t\t\t\t\t\t<div class=\"elementor-container elementor-column-gap-no\">\n\t\t\t\t\t<div class=\"elementor-column elementor-col-100 elementor-inner-column elementor-element elementor-element-2bc27f64\" data-id=\"2bc27f64\" data-element_type=\"column\" data-e-type=\"column\" data-settings=\"{&quot;background_background&quot;:&quot;classic&quot;}\">\n\t\t\t<div class=\"elementor-widget-wrap elementor-element-populated\">\n\t\t\t\t\t<div class=\"elementor-background-overlay\"><\/div>\n\t\t\t\t\t\t<div class=\"elementor-element elementor-element-723fb699 elementor-widget-divider--view-line elementor-widget elementor-widget-divider\" data-id=\"723fb699\" data-element_type=\"widget\" data-e-type=\"widget\" data-widget_type=\"divider.default\">\n\t\t\t\t<div class=\"elementor-widget-container\">\n\t\t\t\t\t\t\t<div class=\"elementor-divider\">\n\t\t\t<span class=\"elementor-divider-separator\">\n\t\t\t\t\t\t<\/span>\n\t\t<\/div>\n\t\t\t\t\t\t<\/div>\n\t\t\t\t<\/div>\n\t\t\t\t<div class=\"elementor-element elementor-element-3020502c elementor-widget elementor-widget-heading\" data-id=\"3020502c\" data-element_type=\"widget\" data-e-type=\"widget\" data-widget_type=\"heading.default\">\n\t\t\t\t<div class=\"elementor-widget-container\">\n\t\t\t\t\t<h2 class=\"elementor-heading-title elementor-size-default\"><h5 class=\"elementor-icon-box-title\" style=\"margin-bottom: 10px;line-height: var( --e-global-typography-61eed76-line-height );font-family: var( --e-global-typography-61eed76-font-family ), Sans-serif;font-size: var( --e-global-typography-61eed76-font-size );font-style: normal;font-weight: var( --e-global-typography-61eed76-font-weight );letter-spacing: -0.6px;text-align: center\"><a href=\"https:\/\/amperformance.ma\/#\" style=\"font-size: 24px\">Conseil et Orientation<\/a><\/h5><\/h2>\t\t\t\t<\/div>\n\t\t\t\t<\/div>\n\t\t\t\t\t<\/div>\n\t\t<\/div>\n\t\t\t\t\t<\/div>\n\t\t<\/section>\n\t\t\t\t<div class=\"elementor-element elementor-element-325d3d5e elementor-widget elementor-widget-text-editor\" data-id=\"325d3d5e\" data-element_type=\"widget\" data-e-type=\"widget\" data-widget_type=\"text-editor.default\">\n\t\t\t\t<div class=\"elementor-widget-container\">\n\t\t\t\t\t\t\t\t\t<p>Chez AM, nous comprenons que choisir la bonne orientation acad\u00e9mique est une \u00e9tape cruciale dans la vie de chaque \u00e9tudiant. C&rsquo;est pourquoi nous offrons un service personnalis\u00e9 de conseil et d&rsquo;orientation pour vous aider \u00e0 prendre des d\u00e9cisions \u00e9clair\u00e9es concernant votre avenir.<\/p>\t\t\t\t\t\t\t\t<\/div>\n\t\t\t\t<\/div>\n\t\t\t\t\t<\/div>\n\t\t<\/div>\n\t\t\t\t\t<\/div>\n\t\t<\/section>\n\t\t\t\t<section class=\"elementor-section elementor-top-section elementor-element elementor-element-666c3865 elementor-section-boxed elementor-section-height-default elementor-section-height-default\" data-id=\"666c3865\" data-element_type=\"section\" data-e-type=\"section\">\n\t\t\t\t\t\t\t<div class=\"elementor-background-overlay\"><\/div>\n\t\t\t\t\t\t\t<div class=\"elementor-container elementor-column-gap-no\">\n\t\t\t\t\t<div class=\"elementor-column elementor-col-100 elementor-top-column elementor-element elementor-element-274fbe5b\" data-id=\"274fbe5b\" data-element_type=\"column\" data-e-type=\"column\">\n\t\t\t<div class=\"elementor-widget-wrap elementor-element-populated\">\n\t\t\t\t\t\t<div class=\"elementor-element elementor-element-58e30829 elementor-invisible elementor-widget elementor-widget-heading\" data-id=\"58e30829\" data-element_type=\"widget\" data-e-type=\"widget\" data-settings=\"{&quot;_animation&quot;:&quot;fadeInDown&quot;}\" data-widget_type=\"heading.default\">\n\t\t\t\t<div class=\"elementor-widget-container\">\n\t\t\t\t\t<h5 class=\"elementor-heading-title elementor-size-default\">Notre Approche <\/h5>\t\t\t\t<\/div>\n\t\t\t\t<\/div>\n\t\t\t\t<div class=\"elementor-element elementor-element-17e951a elementor-invisible elementor-widget elementor-widget-text-editor\" data-id=\"17e951a\" data-element_type=\"widget\" data-e-type=\"widget\" data-settings=\"{&quot;_animation&quot;:&quot;fadeInDown&quot;}\" data-widget_type=\"text-editor.default\">\n\t\t\t\t<div class=\"elementor-widget-container\">\n\t\t\t\t\t\t\t\t\t<p>Notre \u00e9quipe exp\u00e9riment\u00e9e de conseillers acad\u00e9miques travaille en \u00e9troite collaboration avec vous pour comprendre vos int\u00e9r\u00eats, vos objectifs professionnels et vos pr\u00e9f\u00e9rences personnelles. En utilisant une approche holistique, nous prenons en compte vos comp\u00e9tences, vos passions et vos aspirations pour vous guider vers les options d&rsquo;\u00e9tudes les mieux adapt\u00e9es \u00e0 votre profil.<\/p>\t\t\t\t\t\t\t\t<\/div>\n\t\t\t\t<\/div>\n\t\t\t\t\t<\/div>\n\t\t<\/div>\n\t\t\t\t\t<\/div>\n\t\t<\/section>\n\t\t<div class=\"elementor-element elementor-element-8f18b25 e-flex e-con-boxed e-con e-parent\" data-id=\"8f18b25\" data-element_type=\"container\" data-e-type=\"container\">\n\t\t\t\t\t<div class=\"e-con-inner\">\n\t\t\t\t<div class=\"elementor-element elementor-element-87e156c elementor-invisible elementor-widget elementor-widget-heading\" data-id=\"87e156c\" data-element_type=\"widget\" data-e-type=\"widget\" data-settings=\"{&quot;_animation&quot;:&quot;fadeInDown&quot;}\" data-widget_type=\"heading.default\">\n\t\t\t\t<div class=\"elementor-widget-container\">\n\t\t\t\t\t<h2 class=\"elementor-heading-title elementor-size-default\">Nos Services<\/h2>\t\t\t\t<\/div>\n\t\t\t\t<\/div>\n\t\t\t\t\t<\/div>\n\t\t\t\t<\/div>\n\t\t<div class=\"elementor-element elementor-element-9761c71 e-flex e-con-boxed e-con e-parent\" data-id=\"9761c71\" data-element_type=\"container\" data-e-type=\"container\">\n\t\t\t\t\t<div class=\"e-con-inner\">\n\t\t\t\t<div class=\"elementor-element elementor-element-b9007be elementor-invisible elementor-widget elementor-widget-text-editor\" data-id=\"b9007be\" data-element_type=\"widget\" data-e-type=\"widget\" data-settings=\"{&quot;_animation&quot;:&quot;fadeInDown&quot;}\" data-widget_type=\"text-editor.default\">\n\t\t\t\t<div class=\"elementor-widget-container\">\n\t\t\t\t\t\t\t\t\t<ul><li><strong>\u00c9valuation Personnalis\u00e9e :<\/strong> Nous commen\u00e7ons par une \u00e9valuation approfondie de vos comp\u00e9tences, de vos int\u00e9r\u00eats et de vos objectifs afin de mieux vous conna\u00eetre.<\/li><li><strong>Exploration des Options :<\/strong> Nous vous pr\u00e9sentons une gamme d&rsquo;options d&rsquo;\u00e9tudes et de carri\u00e8res, en mettant en \u00e9vidence les avantages et les inconv\u00e9nients de chaque choix.<\/li><li><strong>Assistance \u00e0 la D\u00e9cision :<\/strong> Nous vous fournissons des conseils objectifs et des recommandations pour vous aider \u00e0 prendre des d\u00e9cisions \u00e9clair\u00e9es et \u00e0 d\u00e9finir un plan d&rsquo;action concret.<\/li><\/ul><h4>Pourquoi Nous Choisir<\/h4><ul><li><strong>Expertise Professionnelle :<\/strong> Nos conseillers sont des experts qualifi\u00e9s ayant une connaissance approfondie du paysage \u00e9ducatif international.<\/li><li><strong>Approche Personnalis\u00e9e :<\/strong> Nous traitons chaque \u00e9tudiant de mani\u00e8re individuelle, en tenant compte de ses besoins uniques et de ses pr\u00e9f\u00e9rences personnelles.<\/li><li><strong>Soutien Continu :<\/strong> Nous restons \u00e0 vos c\u00f4t\u00e9s tout au long de votre parcours acad\u00e9mique, vous offrant un soutien continu et des conseils \u00e0 chaque \u00e9tape.<\/li><\/ul>\t\t\t\t\t\t\t\t<\/div>\n\t\t\t\t<\/div>\n\t\t\t\t\t<\/div>\n\t\t\t\t<\/div>\n\t\t\t\t<\/div>\n\t\t","protected":false},"excerpt":{"rendered":"<p>Conseil et Orientation Conseil et Orientation Chez AM, nous comprenons que choisir la bonne orientation acad\u00e9mique est une \u00e9tape cruciale dans la vie de chaque \u00e9tudiant. C&rsquo;est pourquoi nous offrons un service personnalis\u00e9 de conseil et d&rsquo;orientation pour vous aider \u00e0 prendre des d\u00e9cisions \u00e9clair\u00e9es concernant votre avenir. Notre Approche Notre \u00e9quipe exp\u00e9riment\u00e9e de conseillers [&hellip;]<\/p>\n","protected":false},"author":1,"featured_media":0,"parent":0,"menu_order":0,"comment_status":"closed","ping_status":"closed","template":"","meta":{"_monsterinsights_skip_tracking":false,"_monsterinsights_sitenote_active":false,"_monsterinsights_sitenote_note":"","_monsterinsights_sitenote_category":0,"ocean_post_layout":"full-screen","ocean_both_sidebars_style":"","ocean_both_sidebars_content_width":0,"ocean_both_sidebars_sidebars_width":0,"ocean_sidebar":"","ocean_second_sidebar":"","ocean_disable_margins":"enable","ocean_add_body_class":"","ocean_shortcode_before_top_bar":"","ocean_shortcode_after_top_bar":"","ocean_shortcode_before_header":"","ocean_shortcode_after_header":"","ocean_has_shortcode":"","ocean_shortcode_after_title":"","ocean_shortcode_before_footer_widgets":"","ocean_shortcode_after_footer_widgets":"","ocean_shortcode_before_footer_bottom":"","ocean_shortcode_after_footer_bottom":"","ocean_display_top_bar":"default","ocean_display_header":"default","ocean_header_style":"","ocean_center_header_left_menu":"","ocean_custom_header_template":"","ocean_custom_logo":0,"ocean_custom_retina_logo":0,"ocean_custom_logo_max_width":0,"ocean_custom_logo_tablet_max_width":0,"ocean_custom_logo_mobile_max_width":0,"ocean_custom_logo_max_height":0,"ocean_custom_logo_tablet_max_height":0,"ocean_custom_logo_mobile_max_height":0,"ocean_header_custom_menu":"","ocean_menu_typo_font_family":"","ocean_menu_typo_font_subset":"","ocean_menu_typo_font_size":0,"ocean_menu_typo_font_size_tablet":0,"ocean_menu_typo_font_size_mobile":0,"ocean_menu_typo_font_size_unit":"px","ocean_menu_typo_font_weight":"","ocean_menu_typo_font_weight_tablet":"","ocean_menu_typo_font_weight_mobile":"","ocean_menu_typo_transform":"","ocean_menu_typo_transform_tablet":"","ocean_menu_typo_transform_mobile":"","ocean_menu_typo_line_height":0,"ocean_menu_typo_line_height_tablet":0,"ocean_menu_typo_line_height_mobile":0,"ocean_menu_typo_line_height_unit":"","ocean_menu_typo_spacing":0,"ocean_menu_typo_spacing_tablet":0,"ocean_menu_typo_spacing_mobile":0,"ocean_menu_typo_spacing_unit":"","ocean_menu_link_color":"","ocean_menu_link_color_hover":"","ocean_menu_link_color_active":"","ocean_menu_link_background":"","ocean_menu_link_hover_background":"","ocean_menu_link_active_background":"","ocean_menu_social_links_bg":"","ocean_menu_social_hover_links_bg":"","ocean_menu_social_links_color":"","ocean_menu_social_hover_links_color":"","ocean_disable_title":"on","ocean_disable_heading":"default","ocean_post_title":"","ocean_post_subheading":"","ocean_post_title_style":"","ocean_post_title_background_color":"","ocean_post_title_background":0,"ocean_post_title_bg_image_position":"","ocean_post_title_bg_image_attachment":"","ocean_post_title_bg_image_repeat":"","ocean_post_title_bg_image_size":"","ocean_post_title_height":0,"ocean_post_title_bg_overlay":0.5,"ocean_post_title_bg_overlay_color":"","ocean_disable_breadcrumbs":"default","ocean_breadcrumbs_color":"","ocean_breadcrumbs_separator_color":"","ocean_breadcrumbs_links_color":"","ocean_breadcrumbs_links_hover_color":"","ocean_display_footer_widgets":"default","ocean_display_footer_bottom":"default","ocean_custom_footer_template":"","footnotes":""},"class_list":["post-636","page","type-page","status-publish","hentry","entry","owp-thumbs-layout-horizontal","owp-btn-normal","owp-tabs-layout-horizontal","has-no-thumbnails","has-product-nav"],"jetpack_sharing_enabled":true,"_links":{"self":[{"href":"https:\/\/amperformance.ma\/index.php\/wp-json\/wp\/v2\/pages\/636","targetHints":{"allow":["GET"]}}],"collection":[{"href":"https:\/\/amperformance.ma\/index.php\/wp-json\/wp\/v2\/pages"}],"about":[{"href":"https:\/\/amperformance.ma\/index.php\/wp-json\/wp\/v2\/types\/page"}],"author":[{"embeddable":true,"href":"https:\/\/amperformance.ma\/index.php\/wp-json\/wp\/v2\/users\/1"}],"replies":[{"embeddable":true,"href":"https:\/\/amperformance.ma\/index.php\/wp-json\/wp\/v2\/comments?post=636"}],"version-history":[{"count":16,"href":"https:\/\/amperformance.ma\/index.php\/wp-json\/wp\/v2\/pages\/636\/revisions"}],"predecessor-version":[{"id":1673,"href":"https:\/\/amperformance.ma\/index.php\/wp-json\/wp\/v2\/pages\/636\/revisions\/1673"}],"wp:attachment":[{"href":"https:\/\/amperformance.ma\/index.php\/wp-json\/wp\/v2\/media?parent=636"}],"curies":[{"name":"wp","href":"https:\/\/api.w.org\/{rel}","templated":true}]}}