{"id":207,"date":"2024-02-13T11:37:44","date_gmt":"2024-02-13T11:37:44","guid":{"rendered":"https:\/\/amperformance.ma\/?page_id=207"},"modified":"2024-05-27T11:56:41","modified_gmt":"2024-05-27T11:56:41","slug":"bourses","status":"publish","type":"page","link":"https:\/\/amperformance.ma\/index.php\/bourses\/","title":{"rendered":"Bourses"},"content":{"rendered":"\n<h2 class=\"wp-block-heading\">Nos Bourses <\/h2>\n\n\n\n<p>Une <strong>bourse d&rsquo;\u00e9tudes<\/strong> \u00e0 l&rsquo;\u00e9tranger est une aide financi\u00e8re offerte aux \u00e9tudiants pour poursuivre leurs \u00e9tudes dans un pays \u00e9tranger.<\/p>\n\n\n\n<p>Ces bourses peuvent couvrir une partie ou la totalit\u00e9 des frais de scolarit\u00e9, des frais de subsistance, des frais de voyage, et parfois m\u00eame des d\u00e9penses suppl\u00e9mentaires.<\/p>\n\n\n\n<p>L&rsquo;obtention d&rsquo;une <strong>bourse d&rsquo;\u00e9tudes<\/strong> est souvent partie int\u00e9grante du\u00a0 projet\u00a0 pour les \u00e9tudiants souhaitant rejoindre un cursus \u00e0 l\u2019\u00e9tranger. Il existe des centaines de bourses disponibles\u00a0d\u00e9livr\u00e9es par les\u00a0 gouvernements, des programmes d&rsquo;aides, des donateurs ou encore par\u00a0 les universit\u00e9s elles-m\u00eames.<\/p>\n\n\n\n<h2 class=\"wp-block-heading\"><strong>Les diff\u00e9rents types de bourses d\u2019\u00e9tudes<\/strong><\/h2>\n\n\n\n<p><strong><span style=\"text-decoration: underline;\">Les bourses d\u2019\u00e9tudes compl\u00e8tes ou \u00ab Full Scholarship \u00bb<\/span><\/strong> : Ce type de bourses est la solution la plus int\u00e9ressante car elle propose une couverture totale des frais d\u2019inscription ainsi qu\u2019une couverture partielle ou totale du co\u00fbt de la vie une fois sur place.<\/p>\n\n\n\n<p><strong><span style=\"text-decoration: underline;\">Les bourses partielles ou \u00ab Part Scholarships \u00bb<\/span><\/strong> :&nbsp;Ces bourses d\u2019\u00e9tudes peuvent couvrir en partie le co\u00fbt de vos \u00e9tudes ou de la vie sur place.&nbsp;<\/p>\n\n\n\n<p><strong><span style=\"text-decoration: underline;\">Les bourses \u00e0 destination des athl\u00e8tes<\/span><\/strong> :\u00a0Tr\u00e8s r\u00e9pandues en\u00a0<a href=\"https:\/\/www.etudionsaletranger.fr\/bourse-etudes-usa\/bourses-d-etudes-pour-sportifs-athletes-aux-etats-unis\" target=\"_blank\" rel=\"noopener\">Am\u00e9rique du Nord<\/a>, les bourses sportives permettent \u00e0 des \u00e9tudiants pratiquant un sport \u00e0 haut niveau de b\u00e9n\u00e9ficier d\u2019un financement pour leurs \u00e9tudes.<\/p>\n\n\n\n<p>Plusieurs bourses sont disponibles pour diff\u00e9rentes destinations !<\/p>\n\n\n\n<p>Contactez notre agence d&rsquo;\u00e9tudes \u00e0 l&rsquo;\u00e9tranger <strong><a href=\"https:\/\/amperformance.ma\/\">AM Performance Consulting<\/a><\/strong> pour plus d&rsquo;informations sur les bourses disponibles pour diff\u00e9rentes universit\u00e9s au monde ! <\/p>\n","protected":false},"excerpt":{"rendered":"<p>Nos Bourses Une bourse d&rsquo;\u00e9tudes \u00e0 l&rsquo;\u00e9tranger est une aide financi\u00e8re offerte aux \u00e9tudiants pour poursuivre leurs \u00e9tudes dans un pays \u00e9tranger. Ces bourses peuvent couvrir une partie ou la totalit\u00e9 des frais de scolarit\u00e9, des frais de subsistance, des frais de voyage, et parfois m\u00eame des d\u00e9penses suppl\u00e9mentaires. L&rsquo;obtention d&rsquo;une bourse d&rsquo;\u00e9tudes est souvent [&hellip;]<\/p>\n","protected":false},"author":1,"featured_media":0,"parent":0,"menu_order":0,"comment_status":"closed","ping_status":"closed","template":"","meta":{"_monsterinsights_skip_tracking":false,"_monsterinsights_sitenote_active":false,"_monsterinsights_sitenote_note":"","_monsterinsights_sitenote_category":0,"ocean_post_layout":"","ocean_both_sidebars_style":"","ocean_both_sidebars_content_width":0,"ocean_both_sidebars_sidebars_width":0,"ocean_sidebar":"","ocean_second_sidebar":"","ocean_disable_margins":"enable","ocean_add_body_class":"","ocean_shortcode_before_top_bar":"","ocean_shortcode_after_top_bar":"","ocean_shortcode_before_header":"","ocean_shortcode_after_header":"","ocean_has_shortcode":"","ocean_shortcode_after_title":"","ocean_shortcode_before_footer_widgets":"","ocean_shortcode_after_footer_widgets":"","ocean_shortcode_before_footer_bottom":"","ocean_shortcode_after_footer_bottom":"","ocean_display_top_bar":"default","ocean_display_header":"default","ocean_header_style":"","ocean_center_header_left_menu":"","ocean_custom_header_template":"","ocean_custom_logo":0,"ocean_custom_retina_logo":0,"ocean_custom_logo_max_width":0,"ocean_custom_logo_tablet_max_width":0,"ocean_custom_logo_mobile_max_width":0,"ocean_custom_logo_max_height":0,"ocean_custom_logo_tablet_max_height":0,"ocean_custom_logo_mobile_max_height":0,"ocean_header_custom_menu":"","ocean_menu_typo_font_family":"","ocean_menu_typo_font_subset":"","ocean_menu_typo_font_size":0,"ocean_menu_typo_font_size_tablet":0,"ocean_menu_typo_font_size_mobile":0,"ocean_menu_typo_font_size_unit":"px","ocean_menu_typo_font_weight":"","ocean_menu_typo_font_weight_tablet":"","ocean_menu_typo_font_weight_mobile":"","ocean_menu_typo_transform":"","ocean_menu_typo_transform_tablet":"","ocean_menu_typo_transform_mobile":"","ocean_menu_typo_line_height":0,"ocean_menu_typo_line_height_tablet":0,"ocean_menu_typo_line_height_mobile":0,"ocean_menu_typo_line_height_unit":"","ocean_menu_typo_spacing":0,"ocean_menu_typo_spacing_tablet":0,"ocean_menu_typo_spacing_mobile":0,"ocean_menu_typo_spacing_unit":"","ocean_menu_link_color":"","ocean_menu_link_color_hover":"","ocean_menu_link_color_active":"","ocean_menu_link_background":"","ocean_menu_link_hover_background":"","ocean_menu_link_active_background":"","ocean_menu_social_links_bg":"","ocean_menu_social_hover_links_bg":"","ocean_menu_social_links_color":"","ocean_menu_social_hover_links_color":"","ocean_disable_title":"default","ocean_disable_heading":"default","ocean_post_title":"","ocean_post_subheading":"","ocean_post_title_style":"","ocean_post_title_background_color":"","ocean_post_title_background":0,"ocean_post_title_bg_image_position":"","ocean_post_title_bg_image_attachment":"","ocean_post_title_bg_image_repeat":"","ocean_post_title_bg_image_size":"","ocean_post_title_height":0,"ocean_post_title_bg_overlay":0.5,"ocean_post_title_bg_overlay_color":"","ocean_disable_breadcrumbs":"default","ocean_breadcrumbs_color":"","ocean_breadcrumbs_separator_color":"","ocean_breadcrumbs_links_color":"","ocean_breadcrumbs_links_hover_color":"","ocean_display_footer_widgets":"default","ocean_display_footer_bottom":"default","ocean_custom_footer_template":"","footnotes":""},"class_list":["post-207","page","type-page","status-publish","hentry","entry","owp-thumbs-layout-horizontal","owp-btn-normal","owp-tabs-layout-horizontal","has-no-thumbnails","has-product-nav"],"jetpack_sharing_enabled":true,"_links":{"self":[{"href":"https:\/\/amperformance.ma\/index.php\/wp-json\/wp\/v2\/pages\/207","targetHints":{"allow":["GET"]}}],"collection":[{"href":"https:\/\/amperformance.ma\/index.php\/wp-json\/wp\/v2\/pages"}],"about":[{"href":"https:\/\/amperformance.ma\/index.php\/wp-json\/wp\/v2\/types\/page"}],"author":[{"embeddable":true,"href":"https:\/\/amperformance.ma\/index.php\/wp-json\/wp\/v2\/users\/1"}],"replies":[{"embeddable":true,"href":"https:\/\/amperformance.ma\/index.php\/wp-json\/wp\/v2\/comments?post=207"}],"version-history":[{"count":5,"href":"https:\/\/amperformance.ma\/index.php\/wp-json\/wp\/v2\/pages\/207\/revisions"}],"predecessor-version":[{"id":1713,"href":"https:\/\/amperformance.ma\/index.php\/wp-json\/wp\/v2\/pages\/207\/revisions\/1713"}],"wp:attachment":[{"href":"https:\/\/amperformance.ma\/index.php\/wp-json\/wp\/v2\/media?parent=207"}],"curies":[{"name":"wp","href":"https:\/\/api.w.org\/{rel}","templated":true}]}}